{"id":514,"date":"2021-06-13T23:17:43","date_gmt":"2021-06-13T20:17:43","guid":{"rendered":"https:\/\/icnas2021.atauni.edu.tr\/?page_id=514"},"modified":"2021-09-07T18:15:26","modified_gmt":"2021-09-07T15:15:26","slug":"konusmafilar","status":"publish","type":"page","link":"https:\/\/icnas2021.atauni.edu.tr\/index.php\/tr\/konusmafilar\/","title":{"rendered":"KONU\u015eMACILAR"},"content":{"rendered":"\n<figure class=\"wp-block-table\"><table class=\"has-background\" style=\"background-color:#fcf0ef\"><tbody><tr><td class=\"has-text-align-center\" data-align=\"center\"><strong><span style=\"color:#a35000\" class=\"has-inline-color\">\u00c7A\u011eRILI KONU\u015eMACILAR<\/span><\/strong><\/td><\/tr><\/tbody><\/table><\/figure>\n\n\n\n<div class=\"wp-block-image\"><figure class=\"aligncenter size-full\"><img loading=\"lazy\" decoding=\"async\" width=\"1018\" height=\"344\" src=\"https:\/\/icnas2021.atauni.edu.tr\/wp-content\/uploads\/2021\/09\/image-1.png\" alt=\"\" class=\"wp-image-931\" srcset=\"https:\/\/icnas2021.atauni.edu.tr\/wp-content\/uploads\/2021\/09\/image-1.png 1018w, https:\/\/icnas2021.atauni.edu.tr\/wp-content\/uploads\/2021\/09\/image-1-300x101.png 300w, https:\/\/icnas2021.atauni.edu.tr\/wp-content\/uploads\/2021\/09\/image-1-768x260.png 768w\" sizes=\"auto, (max-width: 1018px) 100vw, 1018px\" \/><\/figure><\/div>\n\n\n\n<div class=\"wp-block-image\"><figure class=\"aligncenter size-full\"><img loading=\"lazy\" decoding=\"async\" width=\"1018\" height=\"354\" src=\"https:\/\/icnas2021.atauni.edu.tr\/wp-content\/uploads\/2021\/08\/image-17.png\" alt=\"\" class=\"wp-image-826\" srcset=\"https:\/\/icnas2021.atauni.edu.tr\/wp-content\/uploads\/2021\/08\/image-17.png 1018w, https:\/\/icnas2021.atauni.edu.tr\/wp-content\/uploads\/2021\/08\/image-17-300x104.png 300w, https:\/\/icnas2021.atauni.edu.tr\/wp-content\/uploads\/2021\/08\/image-17-768x267.png 768w\" sizes=\"auto, (max-width: 1018px) 100vw, 1018px\" \/><\/figure><\/div>\n\n\n\n<div class=\"wp-block-image\"><figure class=\"aligncenter size-full\"><img loading=\"lazy\" decoding=\"async\" width=\"1019\" height=\"323\" src=\"https:\/\/icnas2021.atauni.edu.tr\/wp-content\/uploads\/2021\/08\/image-19.png\" alt=\"\" class=\"wp-image-828\" srcset=\"https:\/\/icnas2021.atauni.edu.tr\/wp-content\/uploads\/2021\/08\/image-19.png 1019w, https:\/\/icnas2021.atauni.edu.tr\/wp-content\/uploads\/2021\/08\/image-19-300x95.png 300w, https:\/\/icnas2021.atauni.edu.tr\/wp-content\/uploads\/2021\/08\/image-19-768x243.png 768w\" sizes=\"auto, (max-width: 1019px) 100vw, 1019px\" \/><\/figure><\/div>\n","protected":false},"excerpt":{"rendered":"<p>\u00c7A\u011eRILI KONU\u015eMACILAR<\/p>\n","protected":false},"author":1,"featured_media":0,"parent":0,"menu_order":0,"comment_status":"closed","ping_status":"closed","template":"","meta":{"footnotes":""},"class_list":["post-514","page","type-page","status-publish","hentry"],"_links":{"self":[{"href":"https:\/\/icnas2021.atauni.edu.tr\/index.php\/wp-json\/wp\/v2\/pages\/514","targetHints":{"allow":["GET"]}}],"collection":[{"href":"https:\/\/icnas2021.atauni.edu.tr\/index.php\/wp-json\/wp\/v2\/pages"}],"about":[{"href":"https:\/\/icnas2021.atauni.edu.tr\/index.php\/wp-json\/wp\/v2\/types\/page"}],"author":[{"embeddable":true,"href":"https:\/\/icnas2021.atauni.edu.tr\/index.php\/wp-json\/wp\/v2\/users\/1"}],"replies":[{"embeddable":true,"href":"https:\/\/icnas2021.atauni.edu.tr\/index.php\/wp-json\/wp\/v2\/comments?post=514"}],"version-history":[{"count":28,"href":"https:\/\/icnas2021.atauni.edu.tr\/index.php\/wp-json\/wp\/v2\/pages\/514\/revisions"}],"predecessor-version":[{"id":933,"href":"https:\/\/icnas2021.atauni.edu.tr\/index.php\/wp-json\/wp\/v2\/pages\/514\/revisions\/933"}],"wp:attachment":[{"href":"https:\/\/icnas2021.atauni.edu.tr\/index.php\/wp-json\/wp\/v2\/media?parent=514"}],"curies":[{"name":"wp","href":"https:\/\/api.w.org\/{rel}","templated":true}]}}