{"id":336,"date":"2021-06-07T14:43:10","date_gmt":"2021-06-07T11:43:10","guid":{"rendered":"https:\/\/icnas2021.atauni.edu.tr\/?page_id=336"},"modified":"2021-06-23T15:37:10","modified_gmt":"2021-06-23T12:37:10","slug":"contact","status":"publish","type":"page","link":"https:\/\/icnas2021.atauni.edu.tr\/index.php\/contact\/","title":{"rendered":"CONTACT"},"content":{"rendered":"\n<figure class=\"wp-block-table\"><table class=\"has-subtle-pale-blue-background-color has-background\"><tbody><tr><td><strong>Atat\u00fcrk University<\/strong> <strong>Faculty of Science<\/strong>, <strong>Erzurum, TURKEY<\/strong><\/td><td><strong>e-mail: icnas@atauni.edu.tr<\/strong><\/td><\/tr><tr><td><strong>Ilham Nas\u0131ro\u011flu (Assis. Prof. Dr.)<\/strong><\/td><td><strong>Phone: +90 544 9737324<\/strong><\/td><\/tr><tr><td><strong>Mehmet Akif \u00d6mero\u011flu (Res. Assis.)<\/strong><\/td><td><strong>Phone: +90 536 6531395<\/strong><\/td><\/tr><\/tbody><\/table><\/figure>\n\n\n\n<p class=\"has-text-color\" style=\"color:#0073a4\"><\/p>\n\n\n\n<p class=\"has-text-color\" style=\"color:#0073a4\"><\/p>\n","protected":false},"excerpt":{"rendered":"<p>Atat\u00fcrk University Faculty of Science, Erzurum, TURKEY e-mail: icnas@atauni.edu.tr Ilham Nas\u0131ro\u011flu (Assis. Prof. Dr.) Phone: +90 544 9737324 Mehmet Akif \u00d6mero\u011flu (Res. Assis.) Phone: +90 536 6531395<\/p>\n","protected":false},"author":1,"featured_media":0,"parent":0,"menu_order":0,"comment_status":"closed","ping_status":"closed","template":"","meta":{"footnotes":""},"class_list":["post-336","page","type-page","status-publish","hentry"],"_links":{"self":[{"href":"https:\/\/icnas2021.atauni.edu.tr\/index.php\/wp-json\/wp\/v2\/pages\/336","targetHints":{"allow":["GET"]}}],"collection":[{"href":"https:\/\/icnas2021.atauni.edu.tr\/index.php\/wp-json\/wp\/v2\/pages"}],"about":[{"href":"https:\/\/icnas2021.atauni.edu.tr\/index.php\/wp-json\/wp\/v2\/types\/page"}],"author":[{"embeddable":true,"href":"https:\/\/icnas2021.atauni.edu.tr\/index.php\/wp-json\/wp\/v2\/users\/1"}],"replies":[{"embeddable":true,"href":"https:\/\/icnas2021.atauni.edu.tr\/index.php\/wp-json\/wp\/v2\/comments?post=336"}],"version-history":[{"count":6,"href":"https:\/\/icnas2021.atauni.edu.tr\/index.php\/wp-json\/wp\/v2\/pages\/336\/revisions"}],"predecessor-version":[{"id":626,"href":"https:\/\/icnas2021.atauni.edu.tr\/index.php\/wp-json\/wp\/v2\/pages\/336\/revisions\/626"}],"wp:attachment":[{"href":"https:\/\/icnas2021.atauni.edu.tr\/index.php\/wp-json\/wp\/v2\/media?parent=336"}],"curies":[{"name":"wp","href":"https:\/\/api.w.org\/{rel}","templated":true}]}}