{"id":334,"date":"2021-06-07T14:42:34","date_gmt":"2021-06-07T11:42:34","guid":{"rendered":"https:\/\/icnas2021.atauni.edu.tr\/?page_id=334"},"modified":"2021-09-17T19:37:26","modified_gmt":"2021-09-17T16:37:26","slug":"scientific-program","status":"publish","type":"page","link":"https:\/\/icnas2021.atauni.edu.tr\/index.php\/scientific-program\/","title":{"rendered":"CONGRESS PROGRAM"},"content":{"rendered":"\n<p class=\"has-text-color\" style=\"color:#a31b00\"><\/p>\n\n\n\n<p class=\"has-text-color\" style=\"color:#ff0000\"><strong>SOME COUNTRIES HOURS ARE AT THE BOTTOM OF OUR WEBSITE. SET YOUR PROGRAM HOURS ACCORDING TO TURKEY TIME.<\/strong><\/p>\n\n\n\n<div data-wp-interactive=\"core\/file\" class=\"wp-block-file\"><object data-wp-bind--hidden=\"!state.hasPdfPreview\" hidden class=\"wp-block-file__embed\" data=\"https:\/\/icnas2021.atauni.edu.tr\/wp-content\/uploads\/2021\/09\/ICNAS-KONGRE-2021-PROGRAM-son.pdf\" type=\"application\/pdf\" style=\"width:100%;height:600px\" aria-label=\"ICNAS-KONGRE-2021-PROGRAM-son g\u00f6m\u00fcs\u00fc. g\u00f6m\u00fcs\u00fc.\"><\/object><a href=\"https:\/\/icnas2021.atauni.edu.tr\/wp-content\/uploads\/2021\/09\/ICNAS-KONGRE-2021-PROGRAM-son.pdf\">ICNAS-KONGRE-2021-PROGRAM-son<\/a><a href=\"https:\/\/icnas2021.atauni.edu.tr\/wp-content\/uploads\/2021\/09\/ICNAS-KONGRE-2021-PROGRAM-son.pdf\" class=\"wp-block-file__button\" download>\u0130ndir<\/a><\/div>\n","protected":false},"excerpt":{"rendered":"<p>SOME COUNTRIES HOURS ARE AT THE BOTTOM OF OUR WEBSITE. SET YOUR PROGRAM HOURS ACCORDING TO TURKEY TIME.<\/p>\n","protected":false},"author":1,"featured_media":0,"parent":0,"menu_order":0,"comment_status":"closed","ping_status":"closed","template":"","meta":{"footnotes":""},"class_list":["post-334","page","type-page","status-publish","hentry"],"_links":{"self":[{"href":"https:\/\/icnas2021.atauni.edu.tr\/index.php\/wp-json\/wp\/v2\/pages\/334","targetHints":{"allow":["GET"]}}],"collection":[{"href":"https:\/\/icnas2021.atauni.edu.tr\/index.php\/wp-json\/wp\/v2\/pages"}],"about":[{"href":"https:\/\/icnas2021.atauni.edu.tr\/index.php\/wp-json\/wp\/v2\/types\/page"}],"author":[{"embeddable":true,"href":"https:\/\/icnas2021.atauni.edu.tr\/index.php\/wp-json\/wp\/v2\/users\/1"}],"replies":[{"embeddable":true,"href":"https:\/\/icnas2021.atauni.edu.tr\/index.php\/wp-json\/wp\/v2\/comments?post=334"}],"version-history":[{"count":39,"href":"https:\/\/icnas2021.atauni.edu.tr\/index.php\/wp-json\/wp\/v2\/pages\/334\/revisions"}],"predecessor-version":[{"id":1025,"href":"https:\/\/icnas2021.atauni.edu.tr\/index.php\/wp-json\/wp\/v2\/pages\/334\/revisions\/1025"}],"wp:attachment":[{"href":"https:\/\/icnas2021.atauni.edu.tr\/index.php\/wp-json\/wp\/v2\/media?parent=334"}],"curies":[{"name":"wp","href":"https:\/\/api.w.org\/{rel}","templated":true}]}}