{"id":1039,"date":"2021-11-26T16:29:59","date_gmt":"2021-11-26T13:29:59","guid":{"rendered":"https:\/\/icnas2021.atauni.edu.tr\/?page_id=1039"},"modified":"2021-11-26T16:34:45","modified_gmt":"2021-11-26T13:34:45","slug":"e-kitap","status":"publish","type":"page","link":"https:\/\/icnas2021.atauni.edu.tr\/index.php\/tr\/e-kitap\/","title":{"rendered":"E-K\u0130TAP YAYINI"},"content":{"rendered":"\n<p><strong><span style=\"color:#000000\" class=\"has-inline-color\">E-kitap yay\u0131n\u0131m\u0131z\u0131 g\u00f6r\u00fcnt\u00fclemek i\u00e7in a\u015fa\u011f\u0131daki linke t\u0131klay\u0131n\u0131z.<\/span><\/strong><\/p>\n\n\n\n<p><a href=\"https:\/\/ekitap.atauni.edu.tr\/index.php\/product\/1st-international-congress-on-natural-sciences-icnas-2021-abstract-and-full-text-congress-book\/\">https:\/\/ekitap.atauni.edu.tr\/index.php\/product\/1st-international-congress-on-natural-sciences-icnas-2021-abstract-and-full-text-congress-book\/<\/a><\/p>\n","protected":false},"excerpt":{"rendered":"<p>E-kitap yay\u0131n\u0131m\u0131z\u0131 g\u00f6r\u00fcnt\u00fclemek i\u00e7in a\u015fa\u011f\u0131daki linke t\u0131klay\u0131n\u0131z. https:\/\/ekitap.atauni.edu.tr\/index.php\/product\/1st-international-congress-on-natural-sciences-icnas-2021-abstract-and-full-text-congress-book\/<\/p>\n","protected":false},"author":1,"featured_media":0,"parent":0,"menu_order":0,"comment_status":"closed","ping_status":"closed","template":"","meta":{"footnotes":""},"class_list":["post-1039","page","type-page","status-publish","hentry"],"_links":{"self":[{"href":"https:\/\/icnas2021.atauni.edu.tr\/index.php\/wp-json\/wp\/v2\/pages\/1039","targetHints":{"allow":["GET"]}}],"collection":[{"href":"https:\/\/icnas2021.atauni.edu.tr\/index.php\/wp-json\/wp\/v2\/pages"}],"about":[{"href":"https:\/\/icnas2021.atauni.edu.tr\/index.php\/wp-json\/wp\/v2\/types\/page"}],"author":[{"embeddable":true,"href":"https:\/\/icnas2021.atauni.edu.tr\/index.php\/wp-json\/wp\/v2\/users\/1"}],"replies":[{"embeddable":true,"href":"https:\/\/icnas2021.atauni.edu.tr\/index.php\/wp-json\/wp\/v2\/comments?post=1039"}],"version-history":[{"count":4,"href":"https:\/\/icnas2021.atauni.edu.tr\/index.php\/wp-json\/wp\/v2\/pages\/1039\/revisions"}],"predecessor-version":[{"id":1047,"href":"https:\/\/icnas2021.atauni.edu.tr\/index.php\/wp-json\/wp\/v2\/pages\/1039\/revisions\/1047"}],"wp:attachment":[{"href":"https:\/\/icnas2021.atauni.edu.tr\/index.php\/wp-json\/wp\/v2\/media?parent=1039"}],"curies":[{"name":"wp","href":"https:\/\/api.w.org\/{rel}","templated":true}]}}